{"id":474,"date":"2023-10-18T11:11:39","date_gmt":"2023-10-18T14:11:39","guid":{"rendered":"https:\/\/mujeresconhistorias.uy\/?page_id=474"},"modified":"2024-08-08T14:01:13","modified_gmt":"2024-08-08T17:01:13","slug":"conocenos","status":"publish","type":"page","link":"https:\/\/mujeresconhistorias.uy\/?page_id=474","title":{"rendered":"Conocenos"},"content":{"rendered":"<p>[et_pb_section fb_built=\u00bb1&#8243; fullwidth=\u00bbon\u00bb admin_label=\u00bbPage Header\u00bb _builder_version=\u00bb4.23&#8243; background_image=\u00bbhttps:\/\/mujeresconhistorias.uy\/wp-content\/uploads\/2023\/10\/zoom.jpg\u00bb min_height=\u00bb598px\u00bb height=\u00bb690px\u00bb max_height=\u00bb621px\u00bb background_last_edited=\u00bbon|phone\u00bb global_colors_info=\u00bb{}\u00bb][\/et_pb_section][et_pb_section fb_built=\u00bb1&#8243; admin_label=\u00bbProjects\u00bb _builder_version=\u00bb4.16&#8243; custom_padding=\u00bb90px||90px|\u00bb global_colors_info=\u00bb{}\u00bb][et_pb_row _builder_version=\u00bb4.22.2&#8243; background_size=\u00bbinitial\u00bb background_position=\u00bbtop_left\u00bb background_repeat=\u00bbrepeat\u00bb custom_margin=\u00bb-40px||||false|false\u00bb custom_padding=\u00bb45px|0px|45px|0px\u00bb custom_width_px=\u00bb710px\u00bb global_colors_info=\u00bb{}\u00bb][et_pb_column type=\u00bb4_4&#8243; _builder_version=\u00bb4.16&#8243; background_position=\u00bbtop_left\u00bb custom_padding=\u00bb|||\u00bb global_colors_info=\u00bb{}\u00bb custom_padding__hover=\u00bb|||\u00bb][et_pb_divider color=\u00bb#6b5b8b\u00bb divider_weight=\u00bb3px\u00bb disabled_on=\u00bboff|off|off\u00bb _builder_version=\u00bb4.22.2&#8243; background_color_gradient_direction=\u00bb90deg\u00bb max_width=\u00bb100px\u00bb module_alignment=\u00bbcenter\u00bb height=\u00bb5px\u00bb custom_margin=\u00bb||20px|\u00bb custom_padding=\u00bb||20px|\u00bb animation_style=\u00bbslide\u00bb animation_direction=\u00bbbottom\u00bb saved_tabs=\u00bball\u00bb locked=\u00bboff\u00bb global_colors_info=\u00bb{}\u00bb][\/et_pb_divider][et_pb_text admin_label=\u00bbProjects Section Title\u00bb _builder_version=\u00bb4.23&#8243; header_font=\u00bbMontserrat||||\u00bb header_text_color=\u00bb#6b5b8b\u00bb header_font_size=\u00bb36px\u00bb text_orientation=\u00bbcenter\u00bb max_width=\u00bb710px\u00bb module_alignment=\u00bbcenter\u00bb animation_style=\u00bbfold\u00bb animation_direction=\u00bbbottom\u00bb animation_intensity_fold=\u00bb20%\u00bb global_colors_info=\u00bb{}\u00bb]<\/p>\n<h1><span style=\"font-weight: 400;\">Un sue\u00f1o realizable<\/span><\/h1>\n<p>[\/et_pb_text][\/et_pb_column][\/et_pb_row][et_pb_row column_structure=\u00bb1_3,1_3,1_3&#8243; _builder_version=\u00bb4.22.2&#8243; _module_preset=\u00bbdefault\u00bb global_colors_info=\u00bb{}\u00bb][et_pb_column type=\u00bb1_3&#8243; _builder_version=\u00bb4.22.2&#8243; _module_preset=\u00bbdefault\u00bb global_colors_info=\u00bb{}\u00bb][et_pb_heading title=\u00bbUn sue\u00f1o realizable\u00bb _builder_version=\u00bb4.22.2&#8243; _module_preset=\u00bbdefault\u00bb title_text_color=\u00bb#6b5b8b\u00bb global_colors_info=\u00bb{}\u00bb][\/et_pb_heading][et_pb_text _builder_version=\u00bb4.22.2&#8243; _module_preset=\u00bbdefault\u00bb text_text_color=\u00bb#6b5b8b\u00bb text_font_size=\u00bb18px\u00bb global_colors_info=\u00bb{}\u00bb]<\/p>\n<p><strong><span style=\"color: #8b8b8b;\">El objetivo de una vivienda compartida entre mujeres adultas mayores, todas activistas de los movimientos por los derechos humanos en general y, en particular de aquellas que hemos dedicado la vida a la lucha por la equidad entre hombres y mujeres en nuestra sociedad, estuvo en el pensamiento de muchas. Hemos logrado concretarlo y queremos compartirlo con la Sociedad Uruguaya.<\/span><\/strong><\/p>\n<p><strong><span style=\"color: #8b8b8b;\">A partir de la creaci\u00f3n del Sistema Nacional Integrado de Cuidados, resultado de las iniciativas surgidas de la sociedad civil uruguaya y que se refleja en la Ley 19.353 de diciembre de 2015, un grupo de mujeres adultas mayores auto v\u00e1lidas comenz\u00f3 a estudiar y elaborar un proyecto para desarrollar una forma colectiva de vida que, manteniendo la necesaria privacidad individual, ofreciera una vida cotidiana compartida y saludable y al mismo tiempo ofreciera un espacio f\u00edsico y sinergia a proyectos colectivos renovadores as\u00ed como a servicios compartidos y autogestionados para otros grupos de la poblaci\u00f3n.<\/span><\/strong><\/p>\n<p>[\/et_pb_text][\/et_pb_column][et_pb_column type=\u00bb1_3&#8243; _builder_version=\u00bb4.22.2&#8243; _module_preset=\u00bbdefault\u00bb global_colors_info=\u00bb{}\u00bb][et_pb_heading title=\u00bb\u00bfPor qu\u00e9?\u00bb _builder_version=\u00bb4.22.2&#8243; _module_preset=\u00bbdefault\u00bb title_text_color=\u00bb#6b5b8b\u00bb global_colors_info=\u00bb{}\u00bb][\/et_pb_heading][et_pb_text _builder_version=\u00bb4.22.2&#8243; _module_preset=\u00bbdefault\u00bb text_font_size=\u00bb18px\u00bb global_colors_info=\u00bb{}\u00bb]<\/p>\n<p><strong>La convivencia en grupo brinda posibilidades de sostener una vida libre de soledades deteriorantes, cuidar la salud integral, mental y social y defender los derechos humanos, particularmente los de las personas mayores. Entendemos que la vivienda colaborativa <i>(cohousing)<\/i> es una forma de vivienda adecuada para nuestra propuesta ya que est\u00e1 dise\u00f1ada con un enfoque en la interacci\u00f3n social y el apoyo mutuo, sumando el desarrollo de espacios e instalaciones privadas y compartidas.\u00a0<\/strong><\/p>\n<p>[\/et_pb_text][et_pb_heading title=\u00bb\u00bfQu\u00e9 queremos?\u00bb _builder_version=\u00bb4.22.2&#8243; _module_preset=\u00bbdefault\u00bb title_text_color=\u00bb#6b5b8b\u00bb global_colors_info=\u00bb{}\u00bb][\/et_pb_heading][et_pb_text _builder_version=\u00bb4.22.2&#8243; _module_preset=\u00bbdefault\u00bb text_font_size=\u00bb18px\u00bb global_colors_info=\u00bb{}\u00bb]<\/p>\n<p><strong>Brindar a un grupo de 20 mujeres, que transiten la edad madura, un lugar donde se pueda prevenir el aislamiento social y a la vez sostener y promover su autonom\u00eda.\u00a0 Al mismo tiempo disponer de espacios abiertos a iniciativas intergeneracionales compatibles con la filosof\u00eda fundante de la casa y a nuevos v\u00ednculos transformadores y solidarios hacia la comunidad.\u00a0<\/strong><\/p>\n<p>[\/et_pb_text][\/et_pb_column][et_pb_column type=\u00bb1_3&#8243; _builder_version=\u00bb4.22.2&#8243; _module_preset=\u00bbdefault\u00bb global_colors_info=\u00bb{}\u00bb][et_pb_text _builder_version=\u00bb4.22.2&#8243; _module_preset=\u00bbdefault\u00bb text_font_size=\u00bb18px\u00bb global_colors_info=\u00bb{}\u00bb]<\/p>\n<p><span style=\"color: #6b5b8b;\"><b><i>La propuesta aspira a abrir caminos y convertirse en piloto replicable y mejorable para otros grupos de adultos mayores, ya que propone una soluci\u00f3n viable a los problemas vitales, sociales y econ\u00f3micos que en esta edad se enfrentan y que afectan a la sociedad toda. Sin perjuicio del foco puesto en esta poblaci\u00f3n nada impide que otros grupos sociales y et\u00e1reos recorran caminos similares.\u00a0\u00a0\u00a0\u00a0<\/i><\/b><\/span><\/p>\n<p><strong>En concordancia con la propuesta social innovadora, destacamos la importancia de que en nuestro proyecto la construcci\u00f3n utilice criterios de arquitectura sustentable, con materiales eco amigables, con cuidado en el manejo del agua, de la energ\u00eda y otros aspectos que sean de valorizaci\u00f3n y protecci\u00f3n del patrimonio natural y arquitect\u00f3nico.<\/strong><\/p>\n<p><span style=\"font-weight: 400;\"><\/span><\/p>\n<p><span style=\"font-weight: 400;\"><\/span><\/p>\n<blockquote>\n<p><strong><span style=\"color: #664883;\">\u00abSer aut\u00f3nomas, y tomar el control de nuestras vidas,<\/span><\/strong><\/p>\n<p><strong><span style=\"color: #664883;\">es uno de los <\/span><\/strong><strong style=\"font-size: 18px;\"><span style=\"color: #664883;\">principios b\u00e1sicos del feminismo\u00bb<\/span><\/strong><\/p>\n<\/blockquote>\n<p><span style=\"font-weight: 400;\"><\/span><\/p>\n<p><span style=\"font-weight: 400;\"><\/span><\/p>\n<p><span style=\"font-weight: 400;\"><\/span><\/p>\n<p><span style=\"font-weight: 400;\"><\/span><\/p>\n<p>[\/et_pb_text][\/et_pb_column][\/et_pb_row][et_pb_row _builder_version=\u00bb4.22.2&#8243; _module_preset=\u00bbdefault\u00bb global_colors_info=\u00bb{}\u00bb][et_pb_column type=\u00bb4_4&#8243; _builder_version=\u00bb4.22.2&#8243; _module_preset=\u00bbdefault\u00bb global_colors_info=\u00bb{}\u00bb][et_pb_divider _builder_version=\u00bb4.22.2&#8243; _module_preset=\u00bbdefault\u00bb global_colors_info=\u00bb{}\u00bb][\/et_pb_divider][\/et_pb_column][\/et_pb_row][et_pb_row column_structure=\u00bb1_3,1_3,1_3&#8243; _builder_version=\u00bb4.22.2&#8243; _module_preset=\u00bbdefault\u00bb global_colors_info=\u00bb{}\u00bb][et_pb_column type=\u00bb1_3&#8243; _builder_version=\u00bb4.22.2&#8243; _module_preset=\u00bbdefault\u00bb global_colors_info=\u00bb{}\u00bb][et_pb_heading title=\u00bb\u00bfD\u00f3nde?\u00bb _builder_version=\u00bb4.22.2&#8243; _module_preset=\u00bbdefault\u00bb title_text_color=\u00bb#6b5b8b\u00bb global_colors_info=\u00bb{}\u00bb][\/et_pb_heading][et_pb_text _builder_version=\u00bb4.22.2&#8243; _module_preset=\u00bbdefault\u00bb text_text_color=\u00bb#6b5b8b\u00bb text_font_size=\u00bb18px\u00bb global_colors_info=\u00bb{}\u00bb]<\/p>\n<p><strong><span style=\"color: #8b8b8b;\">En una finca aportada por la Intendencia de Montevideo, sita en la Ciudad Vieja, lugar privilegiado de la historia y la tradici\u00f3n nacional. La zona est\u00e1 en proceso de cambios sostenibles, no solo edilicios, para una mejor integraci\u00f3n a la ciudad de las y los vecinos y grupos diversos que la habitan o transitan.<\/span><\/strong><\/p>\n<p>[\/et_pb_text][et_pb_heading title=\u00bb\u00bfQui\u00e9nes somos?\u00bb _builder_version=\u00bb4.22.2&#8243; _module_preset=\u00bbdefault\u00bb title_text_color=\u00bb#6b5b8b\u00bb global_colors_info=\u00bb{}\u00bb][\/et_pb_heading][et_pb_text _builder_version=\u00bb4.22.2&#8243; _module_preset=\u00bbdefault\u00bb text_font_size=\u00bb18px\u00bb global_colors_info=\u00bb{}\u00bb]<\/p>\n<p><strong>Se trata de una organizaci\u00f3n no gubernamental sin fines de lucro, cuyo objetivo social es promover y desarrollar estrategias de reconocimiento y defensa de los derechos humanos enfocadas a la inclusi\u00f3n, justicia e igualdad de g\u00e9nero, en especial de mujeres mayores.\u00a0 En la actualidad el desarrollo del proyecto es implementado a partir de un grupo interdisciplinario de 28 mujeres adultas mayores, en forma honoraria.<\/strong><\/p>\n<p>[\/et_pb_text][\/et_pb_column][et_pb_column type=\u00bb1_3&#8243; _builder_version=\u00bb4.22.2&#8243; _module_preset=\u00bbdefault\u00bb global_colors_info=\u00bb{}\u00bb][et_pb_heading title=\u00bbHistoria, gobierno y financiaci\u00f3n de la asociaci\u00f3n:\u00bb _builder_version=\u00bb4.22.2&#8243; _module_preset=\u00bbdefault\u00bb title_text_color=\u00bb#6b5b8b\u00bb global_colors_info=\u00bb{}\u00bb][\/et_pb_heading][et_pb_text _builder_version=\u00bb4.22.2&#8243; _module_preset=\u00bbdefault\u00bb text_font_size=\u00bb18px\u00bb global_colors_info=\u00bb{}\u00bb]<\/p>\n<p><strong>La Asociaci\u00f3n civil <i>Mujeres con Historias <\/i>fue creada el 21 de noviembre del a\u00f1o 2019, siendo aprobado su Estatuto y reconocida la personer\u00eda jur\u00eddica por Resoluci\u00f3n del Ministerio de Educaci\u00f3n y Cultura N\u00b0 0616 de fecha 4 de agosto 2020, siendo adem\u00e1s inscripta en el Registro de Personas Jur\u00eddicas en la misma fecha.\u00a0 <\/strong><\/p>\n<p>[\/et_pb_text][et_pb_heading title=\u00bbEl presente de este proyecto\u00bb _builder_version=\u00bb4.22.2&#8243; _module_preset=\u00bbdefault\u00bb title_text_color=\u00bb#6b5b8b\u00bb global_colors_info=\u00bb{}\u00bb][\/et_pb_heading][et_pb_text _builder_version=\u00bb4.22.2&#8243; _module_preset=\u00bbdefault\u00bb text_font_size=\u00bb18px\u00bb global_colors_info=\u00bb{}\u00bb]<\/p>\n<p><strong>Actualmente en la Intendencia de Montevideo se procesa el expediente que nos otorgar\u00e1 la finca para implementar el proyecto piloto, alternativo y colaborativo, dando respuesta a la necesidad de cuidados vinculados a mujeres mayores como parte integrante del urbanismo feminista. Nuestra solicitud contempla la realizaci\u00f3n de actividades sociales y culturales con instancias abiertas a la comunidad.<\/strong><\/p>\n<p>[\/et_pb_text][\/et_pb_column][et_pb_column type=\u00bb1_3&#8243; _builder_version=\u00bb4.22.2&#8243; _module_preset=\u00bbdefault\u00bb global_colors_info=\u00bb{}\u00bb][et_pb_text _builder_version=\u00bb4.22.2&#8243; _module_preset=\u00bbdefault\u00bb text_font_size=\u00bb18px\u00bb global_colors_info=\u00bb{}\u00bb]<\/p>\n<p><strong>Otro aspecto que tenemos en agenda, es el desarrollo del anteproyecto arquitect\u00f3nico, su presupuesto y proyecto ejecutivo a trav\u00e9s de un concurso de propuestas.\u00a0<\/strong><\/p>\n<p><strong>Hoy, estamos concretando contactos con instituciones p\u00fablicas, internacionales, privadas y actores sociales que nos ayuden en avanzar en la obtenci\u00f3n de los recursos materiales y econ\u00f3micos para la concreci\u00f3n de nuestras metas, as\u00ed como en el perfil de nuevas integrantes que ir\u00e1n sum\u00e1ndose a lo largo del proceso.\u00a0<\/strong><\/p>\n<p><strong>Estamos planificando unas instancias de intercambio con instituciones, organizaciones y grupos interesados en el tema, as\u00ed como con aquellas que integran el tejido social del barrio.<\/strong><\/p>\n<p>[\/et_pb_text][et_pb_image src=\u00bbhttps:\/\/mujeresconhistorias.uy\/wp-content\/uploads\/2023\/10\/sello_ok-1.jpg\u00bb title_text=\u00bbsello_ok\u00bb _builder_version=\u00bb4.23&#8243; _module_preset=\u00bbdefault\u00bb global_colors_info=\u00bb{}\u00bb][\/et_pb_image][\/et_pb_column][\/et_pb_row][\/et_pb_section]<\/p>\n","protected":false},"excerpt":{"rendered":"<p>Un sue\u00f1o realizableEl objetivo de una vivienda compartida entre mujeres adultas mayores, todas activistas de los movimientos por los derechos humanos en general y, en particular de aquellas que hemos dedicado la vida a la lucha por la equidad entre hombres y mujeres en nuestra sociedad, estuvo en el pensamiento de muchas. Hemos logrado concretarlo [&hellip;]<\/p>\n","protected":false},"author":1,"featured_media":0,"parent":0,"menu_order":0,"comment_status":"closed","ping_status":"closed","template":"","meta":{"_et_pb_use_builder":"on","_et_pb_old_content":"<!-- wp:divi\/placeholder \/-->","_et_gb_content_width":"","_themeisle_gutenberg_block_has_review":false,"footnotes":""},"class_list":["post-474","page","type-page","status-publish","hentry"],"_links":{"self":[{"href":"https:\/\/mujeresconhistorias.uy\/index.php?rest_route=\/wp\/v2\/pages\/474","targetHints":{"allow":["GET"]}}],"collection":[{"href":"https:\/\/mujeresconhistorias.uy\/index.php?rest_route=\/wp\/v2\/pages"}],"about":[{"href":"https:\/\/mujeresconhistorias.uy\/index.php?rest_route=\/wp\/v2\/types\/page"}],"author":[{"embeddable":true,"href":"https:\/\/mujeresconhistorias.uy\/index.php?rest_route=\/wp\/v2\/users\/1"}],"replies":[{"embeddable":true,"href":"https:\/\/mujeresconhistorias.uy\/index.php?rest_route=%2Fwp%2Fv2%2Fcomments&post=474"}],"version-history":[{"count":17,"href":"https:\/\/mujeresconhistorias.uy\/index.php?rest_route=\/wp\/v2\/pages\/474\/revisions"}],"predecessor-version":[{"id":1200,"href":"https:\/\/mujeresconhistorias.uy\/index.php?rest_route=\/wp\/v2\/pages\/474\/revisions\/1200"}],"wp:attachment":[{"href":"https:\/\/mujeresconhistorias.uy\/index.php?rest_route=%2Fwp%2Fv2%2Fmedia&parent=474"}],"curies":[{"name":"wp","href":"https:\/\/api.w.org\/{rel}","templated":true}]}}